{"id":10,"date":"2020-04-28T10:35:15","date_gmt":"2020-04-28T10:35:15","guid":{"rendered":"http:\/\/www.sigmatv.net\/?page_id=10"},"modified":"2024-05-13T10:18:11","modified_gmt":"2024-05-13T10:18:11","slug":"post-production-maroc","status":"publish","type":"page","link":"https:\/\/www.sigmatv.net\/en\/","title":{"rendered":"Home"},"content":{"rendered":"<div data-vc-full-width=\"true\" data-vc-full-width-init=\"false\" data-vc-stretch-content=\"true\" class=\"vc_row wpb_row vc_row-fluid vc_custom_1690818105326 vc_row-no-padding\"><div class=\"wpb_column vc_column_container vc_col-sm-12\"><div class=\"vc_column-inner\"><div class=\"wpb_wrapper\">  \n        <div class=\"\">\n                <div class=\"video-slideshow-shortcode-wrapper slick\"\n        data-dots=\"true\"\n        >\n        <div class=\"video-list columns-2\">\n                            <div class=\"video-item style_2 demo\" onclick=\"void(0)\">\n    <div class=\"video-image\">\n        <img loading=\"lazy\" decoding=\"async\" width=\"885\" height=\"530\" src=\"https:\/\/www.sigmatv.net\/wp-content\/uploads\/2020\/05\/vfx.jpg\" class=\"attachment-post-thumbnail size-post-thumbnail wp-post-image\" alt=\"\" srcset=\"https:\/\/www.sigmatv.net\/wp-content\/uploads\/2020\/05\/vfx.jpg 885w, https:\/\/www.sigmatv.net\/wp-content\/uploads\/2020\/05\/vfx-300x180.jpg 300w, https:\/\/www.sigmatv.net\/wp-content\/uploads\/2020\/05\/vfx-768x460.jpg 768w\" sizes=\"(max-width: 885px) 100vw, 885px\" \/>                <div class=\"video-icon\">\n            <a href=\"javascript:;\" class=\"view-video-button\" data-id=\"211\" data-player=\"none\" data-server=\"youtube\"><\/a>\n        <\/div>\n                <div class=\"video-meta\">\n            <div class=\"meta-wrap\">\n                <div class=\"video-meta-date\">August 30, 2017<\/div>\n                <div class=\"video-category\"><i class=\"ion ion-md-text\"><\/i><a href=\"https:\/\/www.sigmatv.net\/en\/video-category\/demo\/\" rel=\"tag\">Demo<\/a><\/div>\n            <\/div>\n            <h3 class=\"video-title\"><a href=\"https:\/\/www.sigmatv.net\/en\/video\/vfx\/\">VFX<\/a><\/h3>\n        <\/div>\n    <\/div>\n<\/div>                            <div class=\"video-item style_2 demo\" onclick=\"void(0)\">\n    <div class=\"video-image\">\n        <img loading=\"lazy\" decoding=\"async\" width=\"885\" height=\"530\" src=\"https:\/\/www.sigmatv.net\/wp-content\/uploads\/2020\/05\/pub.jpg\" class=\"attachment-post-thumbnail size-post-thumbnail wp-post-image\" alt=\"\" srcset=\"https:\/\/www.sigmatv.net\/wp-content\/uploads\/2020\/05\/pub.jpg 885w, https:\/\/www.sigmatv.net\/wp-content\/uploads\/2020\/05\/pub-300x180.jpg 300w, https:\/\/www.sigmatv.net\/wp-content\/uploads\/2020\/05\/pub-768x460.jpg 768w\" sizes=\"(max-width: 885px) 100vw, 885px\" \/>                <div class=\"video-icon\">\n            <a href=\"javascript:;\" class=\"view-video-button\" data-id=\"215\" data-player=\"none\" data-server=\"youtube\"><\/a>\n        <\/div>\n                <div class=\"video-meta\">\n            <div class=\"meta-wrap\">\n                <div class=\"video-meta-date\">May 3, 2020<\/div>\n                <div class=\"video-category\"><i class=\"ion ion-md-text\"><\/i><a href=\"https:\/\/www.sigmatv.net\/en\/video-category\/demo\/\" rel=\"tag\">Demo<\/a><\/div>\n            <\/div>\n            <h3 class=\"video-title\"><a href=\"https:\/\/www.sigmatv.net\/en\/video\/bande-demo-pub\/\">Bande Demo Pub<\/a><\/h3>\n        <\/div>\n    <\/div>\n<\/div>                            <div class=\"video-item style_2 demo\" onclick=\"void(0)\">\n    <div class=\"video-image\">\n        <img loading=\"lazy\" decoding=\"async\" width=\"885\" height=\"530\" src=\"https:\/\/www.sigmatv.net\/wp-content\/uploads\/2020\/05\/digital.jpg\" class=\"attachment-post-thumbnail size-post-thumbnail wp-post-image\" alt=\"\" srcset=\"https:\/\/www.sigmatv.net\/wp-content\/uploads\/2020\/05\/digital.jpg 885w, https:\/\/www.sigmatv.net\/wp-content\/uploads\/2020\/05\/digital-300x180.jpg 300w, https:\/\/www.sigmatv.net\/wp-content\/uploads\/2020\/05\/digital-768x460.jpg 768w\" sizes=\"(max-width: 885px) 100vw, 885px\" \/>                <div class=\"video-icon\">\n            <a href=\"javascript:;\" class=\"view-video-button\" data-id=\"217\" data-player=\"none\" data-server=\"youtube\"><\/a>\n        <\/div>\n                <div class=\"video-meta\">\n            <div class=\"meta-wrap\">\n                <div class=\"video-meta-date\">May 3, 2020<\/div>\n                <div class=\"video-category\"><i class=\"ion ion-md-text\"><\/i><a href=\"https:\/\/www.sigmatv.net\/en\/video-category\/demo\/\" rel=\"tag\">Demo<\/a><\/div>\n            <\/div>\n            <h3 class=\"video-title\"><a href=\"https:\/\/www.sigmatv.net\/en\/video\/bande-demo-digital\/\">Bande Demo Digital<\/a><\/h3>\n        <\/div>\n    <\/div>\n<\/div>                            <div class=\"video-item style_2 demo\" onclick=\"void(0)\">\n    <div class=\"video-image\">\n        <img loading=\"lazy\" decoding=\"async\" width=\"885\" height=\"530\" src=\"https:\/\/www.sigmatv.net\/wp-content\/uploads\/2020\/05\/instit.jpg\" class=\"attachment-post-thumbnail size-post-thumbnail wp-post-image\" alt=\"\" srcset=\"https:\/\/www.sigmatv.net\/wp-content\/uploads\/2020\/05\/instit.jpg 885w, https:\/\/www.sigmatv.net\/wp-content\/uploads\/2020\/05\/instit-300x180.jpg 300w, https:\/\/www.sigmatv.net\/wp-content\/uploads\/2020\/05\/instit-768x460.jpg 768w\" sizes=\"(max-width: 885px) 100vw, 885px\" \/>                <div class=\"video-icon\">\n            <a href=\"javascript:;\" class=\"view-video-button\" data-id=\"213\" data-player=\"none\" data-server=\"youtube\"><\/a>\n        <\/div>\n                <div class=\"video-meta\">\n            <div class=\"meta-wrap\">\n                <div class=\"video-meta-date\">January 3, 2019<\/div>\n                <div class=\"video-category\"><i class=\"ion ion-md-text\"><\/i><a href=\"https:\/\/www.sigmatv.net\/en\/video-category\/demo\/\" rel=\"tag\">Demo<\/a><\/div>\n            <\/div>\n            <h3 class=\"video-title\"><a href=\"https:\/\/www.sigmatv.net\/en\/video\/bande-demo-institutionnels\/\">Bande Demo institutionnels<\/a><\/h3>\n        <\/div>\n    <\/div>\n<\/div>                    <\/div>\n    <\/div>\n        <\/div>  \n\n        <\/div><\/div><\/div><\/div><div class=\"vc_row-full-width vc_clearfix\"><\/div><div data-vc-full-width=\"true\" data-vc-full-width-init=\"false\" data-vc-parallax=\"1.5\" data-vc-parallax-o-fade=\"on\" data-vc-parallax-image=\"https:\/\/www.sigmatv.net\/wp-content\/uploads\/2020\/06\/sigmasiege3.jpg\" class=\"vc_row wpb_row vc_row-fluid vc_custom_1593509554287 vc_row-has-fill vc_row-o-full-height vc_row-o-columns-bottom vc_row-flex vc_general vc_parallax vc_parallax-content-moving-fade js-vc_parallax-o-fade\"><div class=\"wpb_column vc_column_container vc_col-sm-12\"><div class=\"vc_column-inner\"><div class=\"wpb_wrapper\"><h2 style=\"text-align: center\" class=\"vc_custom_heading primary-color heading_style_11\">We are Sigma<\/h2><div class=\"vc_row wpb_row vc_inner vc_row-fluid\"><div class=\"wpb_column vc_column_container vc_col-sm-12\"><div class=\"vc_column-inner\"><div class=\"wpb_wrapper\"><h2 style=\"text-align: center\" class=\"vc_custom_heading heading_style_6\"><span class=\"pre-heading\" >Let's develop<\/span> <span class=\"hightlight-heading\" >your talent together.<\/span> <\/h2><\/div><\/div><\/div><\/div><\/div><\/div><\/div><\/div><div class=\"vc_row-full-width vc_clearfix\"><\/div><div class=\"vc_row wpb_row vc_row-fluid vc_custom_1588114086130\"><div class=\"wpb_column vc_column_container vc_col-sm-12\"><div class=\"vc_column-inner\"><div class=\"wpb_wrapper\"><\/div><\/div><\/div><\/div><div class=\"vc_row wpb_row vc_row-fluid\"><div class=\"wpb_column vc_column_container vc_col-sm-12\"><div class=\"vc_column-inner\"><div class=\"wpb_wrapper\">                        <div class=\"\">\n                <div class=\"banner-shortcode-wrap style_5\">\n    <div class=\"banner-content-wrap clearfix left\">\n                    <div class=\"banner-image\">\n                <img decoding=\"async\" src=\"https:\/\/www.sigmatv.net\/wp-content\/uploads\/2020\/06\/pub-home.jpg\" alt=\"PUBLICITE\">\n            <\/div>\n                <div class=\"banner-content-inner\">\n            <div class=\"banner-content\">\n                                                    <h6 class=\"banner-title\">ADVERTISING<\/h6>\n                                                    <p class=\"banner-description\">Discover the power of visual advertising. At SIGMA TECHNOLOGIES, we create captivating commercial films suited for a multitude of platforms\u2014television, cinema, streaming, and social media. Thanks to our serious and meticulous approach, we delve deep into the heart of your brand to effectively reach your clientele, capture the essence of your products, and highlight them in a spectacular way.<\/p>\n                                            <\/div>\n        <\/div>\n    <\/div>\n<\/div>            <\/div>\n                                            <div class=\"\">\n                <div class=\"banner-shortcode-wrap style_5\">\n    <div class=\"banner-content-wrap clearfix right\">\n                    <div class=\"banner-image\">\n                <img decoding=\"async\" src=\"https:\/\/www.sigmatv.net\/wp-content\/uploads\/2020\/06\/instit_home.jpg\" alt=\"FILM INSTITUTIONNELS\">\n            <\/div>\n                <div class=\"banner-content-inner\">\n            <div class=\"banner-content\">\n                                                    <h6 class=\"banner-title\">CORPORATE FILMS<\/h6>\n                                                    <p class=\"banner-description\">Your gateway to professional excellence. At SIGMA TECHNOLOGIES, we create custom videos, precisely tailored to your specific needs. By using a variety of formats, we ensure that each production meets your objectives and effectively communicates the story of your business. Collaborate with us to transform how your brand is perceived in the world.<\/p>\n                                            <\/div>\n        <\/div>\n    <\/div>\n<\/div>            <\/div>\n                                            <div class=\"\">\n                <div class=\"banner-shortcode-wrap style_5\">\n    <div class=\"banner-content-wrap clearfix left\">\n                    <div class=\"banner-image\">\n                <img decoding=\"async\" src=\"https:\/\/www.sigmatv.net\/wp-content\/uploads\/2020\/06\/cinema_home.jpg\" alt=\"CINEMA\">\n            <\/div>\n                <div class=\"banner-content-inner\">\n            <div class=\"banner-content\">\n                                                    <h6 class=\"banner-title\">FICITION<\/h6>\n                                                    <p class=\"banner-description\">SIGMA TECHNOLOGIES: At the heart of cinematic evolution in Morocco. Since our foundation, our mission has been to energize the Moroccan cinematic landscape by producing captivating works, both feature-length and short films. At SIGMA, we are dedicated to enriching the cinematic culture and supporting local talent.<\/p>\n                                            <\/div>\n        <\/div>\n    <\/div>\n<\/div>            <\/div>\n                                            <div class=\"\">\n                <div class=\"banner-shortcode-wrap style_5\">\n    <div class=\"banner-content-wrap clearfix right\">\n                    <div class=\"banner-image\">\n                <img decoding=\"async\" src=\"https:\/\/www.sigmatv.net\/wp-content\/uploads\/2020\/06\/tv-home.jpg\" alt=\"TELEVISION\">\n            <\/div>\n                <div class=\"banner-content-inner\">\n            <div class=\"banner-content\">\n                                                    <h6 class=\"banner-title\">TELEVISION<\/h6>\n                                                    <p class=\"banner-description\">Expertise in TV content production. At SIGMA TECHNOLOGIES, we specialize in creating diverse television content, including reports, shows, investigations, documentaries, and dramas. Our team of audiovisual professionals is committed to producing high-quality programs that captivate and inform the audience.<\/p>\n                                            <\/div>\n        <\/div>\n    <\/div>\n<\/div>            <\/div>\n                                            <div class=\"\">\n                <div class=\"banner-shortcode-wrap style_5\">\n    <div class=\"banner-content-wrap clearfix left\">\n                    <div class=\"banner-image\">\n                <img decoding=\"async\" src=\"https:\/\/www.sigmatv.net\/wp-content\/uploads\/2020\/06\/clip-home.jpg\" alt=\"VIDEO-CLIPS\">\n            <\/div>\n                <div class=\"banner-content-inner\">\n            <div class=\"banner-content\">\n                                                    <h6 class=\"banner-title\">VIDEO-CLIPS<\/h6>\n                                                    <p class=\"banner-description\">Custom video clip creation. At SIGMA TECHNOLOGIES, we produce video clips tailored to your needs, whether for social media, your website, YouTube, or television. We adhere to the highest standards of quality and precision. Before each shoot, we immerse ourselves in your musical world to fully grasp your tastes and requirements. The result? A video clip that reflects you and resonates with your audience.<\/p>\n                                            <\/div>\n        <\/div>\n    <\/div>\n<\/div>            <\/div>\n                    <\/div><\/div><\/div><\/div>","protected":false},"excerpt":{"rendered":"","protected":false},"author":1,"featured_media":0,"parent":0,"menu_order":0,"comment_status":"closed","ping_status":"closed","template":"","meta":{"footnotes":""},"yoast_head":"<!-- This site is optimized with the Yoast SEO plugin v20.12 - https:\/\/yoast.com\/wordpress\/plugins\/seo\/ -->\n<title>Home - SIGMA<\/title>\n<meta name=\"description\" content=\"Aujourd\u2019hui, 30 ans apr\u00e8s la naissance de SIGMA, son histoire, \u00e0 travers son r\u00f4le pionnier, se confond avec celle de l\u2019\u00e9volution de la production audiovisuelle au Maroc.\" \/>\n<meta name=\"robots\" content=\"index, follow, max-snippet:-1, max-image-preview:large, max-video-preview:-1\" \/>\n<link rel=\"canonical\" href=\"https:\/\/www.sigmatv.net\/en\/\" \/>\n<meta property=\"og:locale\" content=\"en_US\" \/>\n<meta property=\"og:type\" content=\"article\" \/>\n<meta property=\"og:title\" content=\"Home - SIGMA\" \/>\n<meta property=\"og:description\" content=\"Aujourd\u2019hui, 30 ans apr\u00e8s la naissance de SIGMA, son histoire, \u00e0 travers son r\u00f4le pionnier, se confond avec celle de l\u2019\u00e9volution de la production audiovisuelle au Maroc.\" \/>\n<meta property=\"og:url\" content=\"https:\/\/www.sigmatv.net\/en\/\" \/>\n<meta property=\"og:site_name\" content=\"SIGMA\" \/>\n<meta property=\"article:modified_time\" content=\"2024-05-13T10:18:11+00:00\" \/>\n<meta name=\"twitter:card\" content=\"summary_large_image\" \/>\n<meta name=\"twitter:label1\" content=\"Est. reading time\" \/>\n\t<meta name=\"twitter:data1\" content=\"2 minutes\" \/>\n<script type=\"application\/ld+json\" class=\"yoast-schema-graph\">{\"@context\":\"https:\/\/schema.org\",\"@graph\":[{\"@type\":\"WebPage\",\"@id\":\"https:\/\/www.sigmatv.net\/\",\"url\":\"https:\/\/www.sigmatv.net\/\",\"name\":\"Home - SIGMA\",\"isPartOf\":{\"@id\":\"https:\/\/www.sigmatv.net\/#website\"},\"datePublished\":\"2020-04-28T10:35:15+00:00\",\"dateModified\":\"2024-05-13T10:18:11+00:00\",\"description\":\"Aujourd\u2019hui, 30 ans apr\u00e8s la naissance de SIGMA, son histoire, \u00e0 travers son r\u00f4le pionnier, se confond avec celle de l\u2019\u00e9volution de la production audiovisuelle au Maroc.\",\"breadcrumb\":{\"@id\":\"https:\/\/www.sigmatv.net\/#breadcrumb\"},\"inLanguage\":\"en-US\",\"potentialAction\":[{\"@type\":\"ReadAction\",\"target\":[\"https:\/\/www.sigmatv.net\/\"]}]},{\"@type\":\"BreadcrumbList\",\"@id\":\"https:\/\/www.sigmatv.net\/#breadcrumb\",\"itemListElement\":[{\"@type\":\"ListItem\",\"position\":1,\"name\":\"Accueil\",\"item\":\"https:\/\/www.sigmatv.net\/\"},{\"@type\":\"ListItem\",\"position\":2,\"name\":\"Home\"}]},{\"@type\":\"WebSite\",\"@id\":\"https:\/\/www.sigmatv.net\/#website\",\"url\":\"https:\/\/www.sigmatv.net\/\",\"name\":\"SIGMA\",\"description\":\"Nothing is Impossible\",\"potentialAction\":[{\"@type\":\"SearchAction\",\"target\":{\"@type\":\"EntryPoint\",\"urlTemplate\":\"https:\/\/www.sigmatv.net\/?s={search_term_string}\"},\"query-input\":\"required name=search_term_string\"}],\"inLanguage\":\"en-US\"}]}<\/script>\n<!-- \/ Yoast SEO plugin. -->","yoast_head_json":{"title":"Home - SIGMA","description":"Aujourd\u2019hui, 30 ans apr\u00e8s la naissance de SIGMA, son histoire, \u00e0 travers son r\u00f4le pionnier, se confond avec celle de l\u2019\u00e9volution de la production audiovisuelle au Maroc.","robots":{"index":"index","follow":"follow","max-snippet":"max-snippet:-1","max-image-preview":"max-image-preview:large","max-video-preview":"max-video-preview:-1"},"canonical":"https:\/\/www.sigmatv.net\/en\/","og_locale":"en_US","og_type":"article","og_title":"Home - SIGMA","og_description":"Aujourd\u2019hui, 30 ans apr\u00e8s la naissance de SIGMA, son histoire, \u00e0 travers son r\u00f4le pionnier, se confond avec celle de l\u2019\u00e9volution de la production audiovisuelle au Maroc.","og_url":"https:\/\/www.sigmatv.net\/en\/","og_site_name":"SIGMA","article_modified_time":"2024-05-13T10:18:11+00:00","twitter_card":"summary_large_image","twitter_misc":{"Est. reading time":"2 minutes"},"schema":{"@context":"https:\/\/schema.org","@graph":[{"@type":"WebPage","@id":"https:\/\/www.sigmatv.net\/","url":"https:\/\/www.sigmatv.net\/","name":"Home - SIGMA","isPartOf":{"@id":"https:\/\/www.sigmatv.net\/#website"},"datePublished":"2020-04-28T10:35:15+00:00","dateModified":"2024-05-13T10:18:11+00:00","description":"Aujourd\u2019hui, 30 ans apr\u00e8s la naissance de SIGMA, son histoire, \u00e0 travers son r\u00f4le pionnier, se confond avec celle de l\u2019\u00e9volution de la production audiovisuelle au Maroc.","breadcrumb":{"@id":"https:\/\/www.sigmatv.net\/#breadcrumb"},"inLanguage":"en-US","potentialAction":[{"@type":"ReadAction","target":["https:\/\/www.sigmatv.net\/"]}]},{"@type":"BreadcrumbList","@id":"https:\/\/www.sigmatv.net\/#breadcrumb","itemListElement":[{"@type":"ListItem","position":1,"name":"Accueil","item":"https:\/\/www.sigmatv.net\/"},{"@type":"ListItem","position":2,"name":"Home"}]},{"@type":"WebSite","@id":"https:\/\/www.sigmatv.net\/#website","url":"https:\/\/www.sigmatv.net\/","name":"SIGMA","description":"Nothing is Impossible","potentialAction":[{"@type":"SearchAction","target":{"@type":"EntryPoint","urlTemplate":"https:\/\/www.sigmatv.net\/?s={search_term_string}"},"query-input":"required name=search_term_string"}],"inLanguage":"en-US"}]}},"_links":{"self":[{"href":"https:\/\/www.sigmatv.net\/en\/wp-json\/wp\/v2\/pages\/10"}],"collection":[{"href":"https:\/\/www.sigmatv.net\/en\/wp-json\/wp\/v2\/pages"}],"about":[{"href":"https:\/\/www.sigmatv.net\/en\/wp-json\/wp\/v2\/types\/page"}],"author":[{"embeddable":true,"href":"https:\/\/www.sigmatv.net\/en\/wp-json\/wp\/v2\/users\/1"}],"replies":[{"embeddable":true,"href":"https:\/\/www.sigmatv.net\/en\/wp-json\/wp\/v2\/comments?post=10"}],"version-history":[{"count":120,"href":"https:\/\/www.sigmatv.net\/en\/wp-json\/wp\/v2\/pages\/10\/revisions"}],"predecessor-version":[{"id":3758,"href":"https:\/\/www.sigmatv.net\/en\/wp-json\/wp\/v2\/pages\/10\/revisions\/3758"}],"wp:attachment":[{"href":"https:\/\/www.sigmatv.net\/en\/wp-json\/wp\/v2\/media?parent=10"}],"curies":[{"name":"wp","href":"https:\/\/api.w.org\/{rel}","templated":true}]}}